{"id":624,"date":"2018-11-09T19:43:46","date_gmt":"2018-11-10T00:43:46","guid":{"rendered":"https:\/\/www.restituyolaw.com\/martin-e-restituyo\/"},"modified":"2018-11-09T22:05:35","modified_gmt":"2018-11-10T03:05:35","slug":"martin-e-restituyo","status":"publish","type":"page","link":"https:\/\/www.restituyolaw.com\/es\/attorney\/martin-e-restituyo\/","title":{"rendered":"Martin E. Restituyo"},"content":{"rendered":"<p>[vc_row full_width=\u00bbstretch_row\u00bb css=\u00bb.vc_custom_1455119690033{padding-top: 50px !important;padding-bottom: 100px !important;background-color: #f4f4f4 !important;}\u00bb][vc_column css=\u00bb.vc_custom_1455119732604{padding-top: 50px !important;}\u00bb][tt_profile_shortcode image=\u00bb494&#8243; name=\u00bbMARTIN E. RESTITUYO\u00bb position=\u00bbLawyer\u00bb phone_n=\u00bb(212) 729-7900&#8243; email_n=\u00bbrestituyo@restituyolaw.com\u00bb social_in=\u00bb\u00bb social_tw=\u00bb\u00bb social_pi=\u00bb\u00bb social_google=\u00bb\u00bb title=\u00bbPRACTICE AREAS:\u00bb description=\u00bbEmployment and Labor Law<br \/>\nCommercial and Civil Litigation<br \/>\nGeneral Counsel<br \/>\nInternational Representation\u00bb][tt_title_shortcode heading=\u00bbPROFESSIONAL EXPERIENCES\u00bb size=\u00bbh2&#8243; alignment=\u00bbleft\u00bb css=\u00bb.vc_custom_1455119662601{margin-top: 105px !important;}\u00bb][vc_column_text css=\u00bb.vc_custom_1541819131724{margin-top: 0px !important;margin-bottom: 0px !important;padding-top: 0px !important;padding-bottom: 0px !important;}\u00bb]<span style=\"font-weight: 400;\">Martin E. Restituyo es el fundador de la firma. Graduado de la Universidad de Queens (B.A., Tres Carreras: Ciencias Pol\u00edticas, Estudios Latinoamericanos, y Antropolog\u00eda, 1998), Facultad de Derecho de la Universidad de Hofstra (J.D. 2002), y la Universidad de Hofstra, Frank G. Zarb Escuela de Negocios (M.B.A., Finanzas, 2005). Sr. Restituyo tambi\u00e9n hizo estudios de postgrado en la Universidad Aut\u00f3noma de Santo Domingo, Santo Domingo, en la Rep\u00fablica Dominicana, y estudi\u00f3 en la Facult\u00e9 de Droit de l\u2019Universit\u00e9 de Nice, en Niza, Francia. En 2003, fue galardonado con el \u201cPremio al Alumno Distinguido\u201d del Programa Cl\u00ednico de la Universidad de Hofstra.<\/span><\/p>\n<p><span style=\"font-weight: 400;\">Antes de abrir su propia empresa, el Sr. Restituyo trabaj\u00f3 en Wolf Haldenstein Adler Freeman &amp; Herz LLP, donde, desde 2006 hasta el 2013, se centr\u00f3 en los valores y litigios de clase colectiva. Durante ese per\u00edodo el Sr. Restituyo fue nombrado \u201cEstrella en Ascenso\u201d por la revista Super Lawyers en 2011 y 2012. En 2013 y 2014, el Sr. Restituyo fue nombrado \u201cS\u00faper Abogado\u201d por la revista Super Lawyer. Antes de unirse a Wolf Haldenstein, Sr. Restituyo se desempe\u00f1\u00f3 como Abogado Adjunto del Pueblo de la ciudad de North Hempstead, en el Condado de Nassau, Nueva York e imparti\u00f3 \u00a0escritura legal en la Universidad John Jay de Justicia Criminal.<\/span><\/p>\n<p><span style=\"font-weight: 400;\">Sr. Restituyo est\u00e1 capacitado para ejercer en Nueva York y en la Justicia Federal para el Distrito Sur de Nueva York, el Distrito Este de Nueva York y el Cuarto Juzgado del Circuito de Apelaciones. Sr. Restituyo ha manejado casos en todo Estados Unidos, y recientemente fue llamado a litigar la apelaci\u00f3n en el caso de los Estados Unidos ex rel Ahumada v. Centro Nacional para el Empleo de Personas con Discapacidad, No. 13-1972 (Cuarto Cir. 2013).<\/span><\/p>\n<p><span style=\"font-weight: 400;\">Fuera del trabajo, el Sr. Restituyo se desempe\u00f1\u00f3 como Presidente de la junta de su cooperativa a partir de 2008 \u2013 2013. \u00a0En la actualidad, el Sr. Restituyo forma parte de la junta directiva del Dominican Bar Association (el colegio de abogados Dominicano en los Estados Unidos), Alianza Dominicana, Inc., y Community Board 12 de Manhattan.<\/span><\/p>\n<p>[\/vc_column_text][\/vc_column][\/vc_row][vc_row css=\u00bb.vc_custom_1455120217326{padding-top: 50px !important;padding-bottom: 60px !important;}\u00bb][vc_column width=\u00bb1\/2&#8243;][tt_title_shortcode heading=\u00bbEDUCATION AND TRAINING\u00bb size=\u00bbh2&#8243; topheading=\u00bbAbout My Education\u00bb alignment=\u00bbleft\u00bb][tt_education_shortcode year_e=\u00bb1998&#8243; title=\u00bbCOMPLETED BA TRIPLE MAJOR\u00bb description=\u00bbQueens College\u00bb][tt_education_shortcode year_e=\u00bb2002&#8243; title=\u00bbCOMPLETED JD IN LAW\u00bb description=\u00bbHofstra University\u00bb][tt_education_shortcode year_e=\u00bb2005&#8243; title=\u00bbCOMPLETED MBA IN FINANCE\u00bb description=\u00bbHofstra University\u00bb][\/vc_column][\/vc_row]<\/p>\n","protected":false},"excerpt":{"rendered":"<p>[vc_row full_width=\u00bbstretch_row\u00bb css=\u00bb.vc_custom_1455119690033{padding-top: 50px !important;padding-bottom: 100px !important;background-color: #f4f4f4 !important;}\u00bb][vc_column css=\u00bb.vc_custom_1455119732604{padding-top: 50px !important;}\u00bb][tt_profile_shortcode image=\u00bb494&#8243; name=\u00bbMARTIN E. RESTITUYO\u00bb position=\u00bbLawyer\u00bb phone_n=\u00bb(212) 729-7900&#8243; email_n=\u00bbrestituyo@restituyolaw.com\u00bb social_in=\u00bb\u00bb social_tw=\u00bb\u00bb social_pi=\u00bb\u00bb social_google=\u00bb\u00bb title=\u00bbPRACTICE AREAS:\u00bb description=\u00bbEmployment and Labor Law Commercial and Civil Litigation General Counsel International Representation\u00bb][tt_title_shortcode heading=\u00bbPROFESSIONAL EXPERIENCES\u00bb size=\u00bbh2&#8243; alignment=\u00bbleft\u00bb css=\u00bb.vc_custom_1455119662601{margin-top: 105px !important;}\u00bb][vc_column_text css=\u00bb.vc_custom_1541819131724{margin-top: 0px !important;margin-bottom: 0px !important;padding-top: 0px !important;padding-bottom: 0px !important;}\u00bb]Martin E. [&hellip;]<\/p>\n","protected":false},"author":1,"featured_media":0,"parent":634,"menu_order":0,"comment_status":"closed","ping_status":"closed","template":"","meta":{"footnotes":""},"class_list":["post-624","page","type-page","status-publish","hentry"],"_links":{"self":[{"href":"https:\/\/www.restituyolaw.com\/es\/wp-json\/wp\/v2\/pages\/624\/"}],"collection":[{"href":"https:\/\/www.restituyolaw.com\/es\/wp-json\/wp\/v2\/pages\/"}],"about":[{"href":"https:\/\/www.restituyolaw.com\/es\/wp-json\/wp\/v2\/types\/page\/"}],"author":[{"embeddable":true,"href":"https:\/\/www.restituyolaw.com\/es\/wp-json\/wp\/v2\/users\/1\/"}],"replies":[{"embeddable":true,"href":"https:\/\/www.restituyolaw.com\/es\/wp-json\/wp\/v2\/comments\/?post=624"}],"version-history":[{"count":1,"href":"https:\/\/www.restituyolaw.com\/es\/wp-json\/wp\/v2\/pages\/624\/revisions\/"}],"predecessor-version":[{"id":692,"href":"https:\/\/www.restituyolaw.com\/es\/wp-json\/wp\/v2\/pages\/624\/revisions\/692\/"}],"up":[{"embeddable":true,"href":"https:\/\/www.restituyolaw.com\/es\/wp-json\/wp\/v2\/pages\/634\/"}],"wp:attachment":[{"href":"https:\/\/www.restituyolaw.com\/es\/wp-json\/wp\/v2\/media\/?parent=624"}],"curies":[{"name":"wp","href":"https:\/\/api.w.org\/{rel}","templated":true}]}}