{"id":603,"date":"2016-02-01T12:57:36","date_gmt":"2016-02-01T17:57:36","guid":{"rendered":"https:\/\/www.restituyolaw.com\/practice-areas\/"},"modified":"2018-11-09T22:20:47","modified_gmt":"2018-11-10T03:20:47","slug":"practice-areas","status":"publish","type":"page","link":"https:\/\/www.restituyolaw.com\/es\/practice-areas\/","title":{"rendered":"Areas de Pr\u00e1ctica"},"content":{"rendered":"<p>[vc_row css=\u00bb.vc_custom_1455188241483{padding-top: -145px !important;}\u00bb][vc_column css=\u00bb.vc_custom_1453978125598{margin-bottom: 0px !important;padding-bottom: 0px !important;}\u00bb][vc_empty_space][vc_tta_tour style=\u00bbflat\u00bb shape=\u00bbsquare\u00bb color=\u00bbwhite\u00bb spacing=\u00bb\u00bb controls_size=\u00bbmd\u00bb active_section=\u00bb1&#8243; el_class=\u00bbtt-legal-specialaccor\u00bb][vc_tta_section i_position=\u00bbright\u00bb i_icon_fontawesome=\u00bbfa fa-angle-right\u00bb add_icon=\u00bbtrue\u00bb title=\u00bb Empleo y Ley Laboral\u00bb tab_id=\u00bblabor-law\u00bb][vc_row_inner][vc_column_inner width=\u00bb2\/3&#8243;][vc_single_image image=\u00bb475&#8243; img_size=\u00bb546&#215;240&#8243; alignment=\u00bbcenter\u00bb][\/vc_column_inner][vc_column_inner width=\u00bb1\/3&#8243;][vc_single_image image=\u00bb476&#8243; img_size=\u00bbfull\u00bb][\/vc_column_inner][\/vc_row_inner][vc_row_inner][vc_column_inner][tt_title_shortcode heading=\u00bbEmployment and Labor Law\u00bb size=\u00bbh2&#8243; alignment=\u00bbleft\u00bb css=\u00bb.vc_custom_1534513187004{margin-bottom: 22px !important;}\u00bb][vc_column_text]<span style=\"font-weight: 400;\">Partiendo del hecho de que todos los empleados tienen el derecho a tener una vida digna mediante la obtenci\u00f3n de un salario justo en un ambiente seguro, y que los empleadores tienen el derecho de buscar la eficiencia y la maximizaci\u00f3n de las ganancias, esta firma asiste a ambas partes, en el manejo de las complejidades que se dan a ra\u00edz de las restricciones laborales que se presentan hoy en d\u00eda.<\/span><\/p>\n<p><span style=\"font-weight: 400;\">De forma rutinaria participamos en seminarios para empleados con el fin de informar a los empleados sobre sus derechos laborales. Adem\u00e1s, asesoramos a los empleadores sobre el cumplimiento de las leyes federales, estatales y locales con el objetivo de aumentar la eficiencia de los empleados y minimizar el riesgo de litigio. Espec\u00edficamente, nos especializamos en orientar a nuestros clientes \u00a0en las siguientes preocupaciones laborales:<\/span><\/p>\n<ul>\n<li style=\"font-weight: 400;\"><span style=\"font-weight: 400;\">Los contratos de trabajo<\/span><\/li>\n<li style=\"font-weight: 400;\"><span style=\"font-weight: 400;\"> Los acuerdos de confidencialidad<\/span><\/li>\n<li style=\"font-weight: 400;\"><span style=\"font-weight: 400;\">Elaboraci\u00f3n de manuales y pol\u00edticas para los empleados<\/span><\/li>\n<li style=\"font-weight: 400;\"><span style=\"font-weight: 400;\">Arreglos de separaci\u00f3n y cesant\u00edas<\/span><\/li>\n<li style=\"font-weight: 400;\"><span style=\"font-weight: 400;\">Cuestiones de beneficios para los empleados<\/span><\/li>\n<li style=\"font-weight: 400;\"><span style=\"font-weight: 400;\"> Cuestiones de la Ley de Licencia Familiar y M\u00e9dica<\/span><\/li>\n<li style=\"font-weight: 400;\"><span style=\"font-weight: 400;\">El cumplimiento de regulaciones de salario y horarios<\/span><\/li>\n<li style=\"font-weight: 400;\"><span style=\"font-weight: 400;\"> Protecci\u00f3n de los intereses de privacidad de los empleados en los lugares de trabajo<\/span><\/li>\n<\/ul>\n<p><span style=\"font-weight: 400;\">Cuando las medidas preventivas han fallado en mantener a nuestros clientes fuera de peligro, somos altamente competentes para agresivamente representar a los empleadores en la resoluci\u00f3n alternativa de conflictos, en las investigaciones de las agencias administrativas y litigios de las cortes federales y estatales. Hemos representado a nuestros clientes en terminaciones injustas, demandas por indemnizaciones que surjan bajo la Ley de Normas Razonables de Trabajo, tales como salario, horario y pago de horas extras, demandas por incumplimiento de contrato, y ejecuci\u00f3n de las cl\u00e1usulas restrictivas.<\/span>[\/vc_column_text][\/vc_column_inner][\/vc_row_inner][\/vc_tta_section][vc_tta_section i_position=\u00bbright\u00bb i_icon_fontawesome=\u00bbfa fa-angle-right\u00bb add_icon=\u00bbtrue\u00bb title=\u00bbLitigacion Comercial\u00bb tab_id=\u00bbcomercial-litigation\u00bb][vc_row_inner][vc_column_inner width=\u00bb2\/3&#8243;][vc_single_image image=\u00bb467&#8243; img_size=\u00bb546&#215;240&#8243; alignment=\u00bbcenter\u00bb][\/vc_column_inner][vc_column_inner width=\u00bb1\/3&#8243;][vc_single_image image=\u00bb472&#8243; img_size=\u00bbfull\u00bb][\/vc_column_inner][\/vc_row_inner][vc_row_inner][vc_column_inner][tt_title_shortcode heading=\u00bbLitigation\u00bb size=\u00bbh2&#8243; alignment=\u00bbleft\u00bb css=\u00bb.vc_custom_1534513376925{margin-bottom: 22px !important;}\u00bb][vc_column_text]<span style=\"font-weight: 400;\">Con m\u00e1s de una d\u00e9cada de experiencia litigando casos en los tribunales estatales y federales, tanto en las primeras instancias como en apelaci\u00f3n, somos abogados litigantes comerciales competentes. En particular, nuestros abogados tienen experiencia litigando una amplia variedad de asuntos, incluyendo las acciones colectivas, disputas de contratos, conflictos sobre franquicias, disputas entre socios, actos de afirmaciones falsas y los casos de derechos de accionistas. Adem\u00e1s de la experiencia que tenemos, nuestros abogados son expertos en investigar hasta convertirse en expertos en su \u00e1rea espec\u00edfica de inter\u00e9s.<\/span><\/p>\n<p><span style=\"font-weight: 400;\">A pesar de nuestra experiencia legal, tambi\u00e9n estamos plenamente conscientes de la importante carga financiera que el litigio puede imponerle a un cliente. De este modo, la firma toma en cuenta enfoques alternativos de facturaci\u00f3n, incluidos los honorarios de contingencia completos o parciales. Por otra parte, en todas las etapas del litigio el cliente se presenta con sus opciones legales y el costo y los riesgos asociados con cada uno. Es nuestra firme creencia que un cliente plenamente informado es la mejor persona para tomar la decisi\u00f3n estrat\u00e9gica con respecto a su caso.<\/span><\/p>\n<p>[\/vc_column_text][\/vc_column_inner][\/vc_row_inner][\/vc_tta_section][vc_tta_section i_position=\u00bbright\u00bb i_icon_fontawesome=\u00bbfa fa-angle-right\u00bb add_icon=\u00bbtrue\u00bb title=\u00bbActividad Empresarial\u00bb tab_id=\u00bbtransactional-contracts\u00bb][vc_row_inner][vc_column_inner width=\u00bb2\/3&#8243;][vc_single_image image=\u00bb479&#8243; img_size=\u00bb546&#215;240&#8243; alignment=\u00bbcenter\u00bb][\/vc_column_inner][vc_column_inner width=\u00bb1\/3&#8243;][vc_single_image image=\u00bb480&#8243; img_size=\u00bbfull\u00bb][\/vc_column_inner][\/vc_row_inner][vc_row_inner][vc_column_inner][tt_title_shortcode heading=\u00bbGeneral Business\u00bb size=\u00bbh2&#8243; alignment=\u00bbleft\u00bb css=\u00bb.vc_custom_1534513563544{margin-bottom: 22px !important;}\u00bb][vc_column_text]<span style=\"font-weight: 400;\">Entendemos que su negocio es su medio de sustento. Esta firma se centra en ayudar a estructurar y operar su negocio de la manera m\u00e1s eficiente y rentable. Orientamos a los clientes a trav\u00e9s del proceso de formaci\u00f3n de empresas y ayudarles a evaluar sus consecuencias y riesgos fiscales. Adem\u00e1s, ayudamos a los clientes a presentar los documentos necesarios de formaci\u00f3n y registro de las empresas.<\/span><\/p>\n<p><span style=\"font-weight: 400;\">Tambi\u00e9n guiamos a nuestros clientes a trav\u00e9s del proceso de negociaci\u00f3n de sus contratos de arrendamiento y la obtenci\u00f3n de los permisos y licencias necesarias para operar un negocio en el estado de Nueva York. Nuestras \u00e1reas de inter\u00e9s son los siguientes:<\/span><\/p>\n<ul>\n<li style=\"font-weight: 400;\"><span style=\"font-weight: 400;\">Contratos<\/span><\/li>\n<li style=\"font-weight: 400;\"><span style=\"font-weight: 400;\">Contratos de trabajo<\/span><\/li>\n<li style=\"font-weight: 400;\"><span style=\"font-weight: 400;\">Con vendedores y proveedores<\/span><\/li>\n<li style=\"font-weight: 400;\"><span style=\"font-weight: 400;\">Contratos de Arrendamiento Comercial<\/span><\/li>\n<li style=\"font-weight: 400;\"><span style=\"font-weight: 400;\">Acuerdos de Compra<\/span><\/li>\n<li style=\"font-weight: 400;\"><span style=\"font-weight: 400;\">Consideraciones de Seguros<\/span><\/li>\n<li style=\"font-weight: 400;\"><span style=\"font-weight: 400;\">Formaci\u00f3n de negocio<\/span><\/li>\n<li style=\"font-weight: 400;\"><span style=\"font-weight: 400;\">Asociaciones<\/span><\/li>\n<li style=\"font-weight: 400;\"><span style=\"font-weight: 400;\">Estructuraci\u00f3n Corporativa<\/span><\/li>\n<li style=\"font-weight: 400;\"><span style=\"font-weight: 400;\">Acuerdos Operativos \/ Acuerdos de Accionistas<\/span><\/li>\n<li style=\"font-weight: 400;\"><span style=\"font-weight: 400;\">Temas de Cumplimiento Normativo<\/span><\/li>\n<li style=\"font-weight: 400;\"><span style=\"font-weight: 400;\">Transacciones Comerciales Generales<\/span><\/li>\n<li style=\"font-weight: 400;\"><span style=\"font-weight: 400;\">Obtenci\u00f3n de licencias<\/span><\/li>\n<li style=\"font-weight: 400;\"><span style=\"font-weight: 400;\"> Licencias de bebidas alcoh\u00f3licas<\/span><\/li>\n<li style=\"font-weight: 400;\"><span style=\"font-weight: 400;\">Licencias Cafeter\u00eda<\/span><\/li>\n<li style=\"font-weight: 400;\"><span style=\"font-weight: 400;\">Licencias de Cabaret<\/span><\/li>\n<li style=\"font-weight: 400;\"><span style=\"font-weight: 400;\">Disoluci\u00f3n de Negocios<\/span><\/li>\n<\/ul>\n<p>[\/vc_column_text][\/vc_column_inner][\/vc_row_inner][vc_row_inner css=\u00bb.vc_custom_1455188778657{border-top-width: -6px !important;padding-top: -6px !important;padding-bottom: 10px !important;background-color: #3b3946 !important;}\u00bb][vc_column_inner css=\u00bb.vc_custom_1455188795121{margin-top: -6px !important;margin-bottom: 0px !important;border-top-width: -6px !important;padding-top: -6px !important;padding-bottom: 0px !important;}\u00bb][tt_info_block_shortcode s_description=\u00bbNeed legal advice ?\u00bb f_size=\u00bb24px\u00bb txt_color=\u00bb#ffffff\u00bb add_button=\u00bbyes\u00bb link_text=\u00bbContact us\u00bb link=\u00bb#\u00bb button_type=\u00bbwhite\u00bb b_bg_color=\u00bb#b89b5e\u00bb b_txt_color=\u00bb#1f1f1f\u00bb][\/vc_column_inner][\/vc_row_inner][\/vc_tta_section][vc_tta_section i_position=\u00bbright\u00bb i_icon_fontawesome=\u00bbfa fa-angle-right\u00bb add_icon=\u00bbtrue\u00bb title=\u00bbRepresentacion Comercial\u00bb tab_id=\u00bbgeneral-councel-usa-representation\u00bb][vc_row_inner][vc_column_inner width=\u00bb2\/3&#8243;][vc_single_image image=\u00bb482&#8243; img_size=\u00bb546&#215;240&#8243; alignment=\u00bbcenter\u00bb][\/vc_column_inner][vc_column_inner width=\u00bb1\/3&#8243;][vc_single_image image=\u00bb483&#8243; img_size=\u00bbfull\u00bb][\/vc_column_inner][\/vc_row_inner][vc_row_inner][vc_column_inner][tt_title_shortcode heading=\u00bbGlobal Representation\u00bb size=\u00bbh2&#8243; alignment=\u00bbleft\u00bb css=\u00bb.vc_custom_1534513716933{margin-bottom: 22px !important;}\u00bb][vc_column_text]<span style=\"font-weight: 400;\">En esta econom\u00eda global, el comercio transfronterizo se est\u00e1 expandiendo d\u00eda a d\u00eda. Cada vez m\u00e1s muchas empresas est\u00e1n tratando de establecerse en los Estados Unidos pero carecen de la orientaci\u00f3n para iniciar el proceso. En el \u00faltimo a\u00f1o la firma ha servido como consultora para varias empresas latinoamericanas que buscan establecer una presencia en los Estados Unidos. Desde su incorporaci\u00f3n, hasta el pago de impuestos, hasta el deseo de adquirir propiedad y establecer plantas de producci\u00f3n, tenemos la experiencia para guiar a nuestros clientes a trav\u00e9s de las barreras legales para hacer negocios en los Estados Unidos.<\/span><\/p>\n<p><span style=\"font-weight: 400;\">Adem\u00e1s de comprender el panorama legal de los Estados Unidos, tambi\u00e9n estamos familiarizados con las diferencias culturales que a veces sirven como barreras para hacer negocios aqu\u00ed. Somos una firma biling\u00fce y bicultural con experiencia significativa en la reducci\u00f3n de esas brechas a nivel personal como a nivel comercial. Traemos esa experiencia a nuestros clientes a medida que ayudamos guiarlos en sus esfuerzos.<\/span>[\/vc_column_text][\/vc_column_inner][\/vc_row_inner][vc_row_inner css=\u00bb.vc_custom_1455188778657{border-top-width: -6px !important;padding-top: -6px !important;padding-bottom: 10px !important;background-color: #3b3946 !important;}\u00bb][vc_column_inner css=\u00bb.vc_custom_1455188795121{margin-top: -6px !important;margin-bottom: 0px !important;border-top-width: -6px !important;padding-top: -6px !important;padding-bottom: 0px !important;}\u00bb][tt_info_block_shortcode s_description=\u00bbNeed legal advice ?\u00bb f_size=\u00bb24px\u00bb txt_color=\u00bb#ffffff\u00bb add_button=\u00bbyes\u00bb link_text=\u00bbContact us\u00bb link=\u00bb#\u00bb button_type=\u00bbwhite\u00bb b_bg_color=\u00bb#b89b5e\u00bb b_txt_color=\u00bb#1f1f1f\u00bb][\/vc_column_inner][\/vc_row_inner][\/vc_tta_section][\/vc_tta_tour][\/vc_column][vc_column][\/vc_column][\/vc_row]<\/p>\n","protected":false},"excerpt":{"rendered":"<p>[vc_row css=\u00bb.vc_custom_1455188241483{padding-top: -145px !important;}\u00bb][vc_column css=\u00bb.vc_custom_1453978125598{margin-bottom: 0px !important;padding-bottom: 0px !important;}\u00bb][vc_empty_space][vc_tta_tour style=\u00bbflat\u00bb shape=\u00bbsquare\u00bb color=\u00bbwhite\u00bb spacing=\u00bb\u00bb controls_size=\u00bbmd\u00bb active_section=\u00bb1&#8243; el_class=\u00bbtt-legal-specialaccor\u00bb][vc_tta_section i_position=\u00bbright\u00bb i_icon_fontawesome=\u00bbfa fa-angle-right\u00bb add_icon=\u00bbtrue\u00bb title=\u00bb Empleo y Ley Laboral\u00bb tab_id=\u00bblabor-law\u00bb][vc_row_inner][vc_column_inner width=\u00bb2\/3&#8243;][vc_single_image image=\u00bb475&#8243; img_size=\u00bb546&#215;240&#8243; alignment=\u00bbcenter\u00bb][\/vc_column_inner][vc_column_inner width=\u00bb1\/3&#8243;][vc_single_image image=\u00bb476&#8243; img_size=\u00bbfull\u00bb][\/vc_column_inner][\/vc_row_inner][vc_row_inner][vc_column_inner][tt_title_shortcode heading=\u00bbEmployment and Labor Law\u00bb size=\u00bbh2&#8243; alignment=\u00bbleft\u00bb css=\u00bb.vc_custom_1534513187004{margin-bottom: 22px !important;}\u00bb][vc_column_text]Partiendo del hecho de que todos los empleados tienen el derecho a tener una [&hellip;]<\/p>\n","protected":false},"author":1,"featured_media":0,"parent":0,"menu_order":0,"comment_status":"closed","ping_status":"closed","template":"","meta":{"footnotes":""},"class_list":["post-603","page","type-page","status-publish","hentry"],"_links":{"self":[{"href":"https:\/\/www.restituyolaw.com\/es\/wp-json\/wp\/v2\/pages\/603\/"}],"collection":[{"href":"https:\/\/www.restituyolaw.com\/es\/wp-json\/wp\/v2\/pages\/"}],"about":[{"href":"https:\/\/www.restituyolaw.com\/es\/wp-json\/wp\/v2\/types\/page\/"}],"author":[{"embeddable":true,"href":"https:\/\/www.restituyolaw.com\/es\/wp-json\/wp\/v2\/users\/1\/"}],"replies":[{"embeddable":true,"href":"https:\/\/www.restituyolaw.com\/es\/wp-json\/wp\/v2\/comments\/?post=603"}],"version-history":[{"count":8,"href":"https:\/\/www.restituyolaw.com\/es\/wp-json\/wp\/v2\/pages\/603\/revisions\/"}],"predecessor-version":[{"id":693,"href":"https:\/\/www.restituyolaw.com\/es\/wp-json\/wp\/v2\/pages\/603\/revisions\/693\/"}],"wp:attachment":[{"href":"https:\/\/www.restituyolaw.com\/es\/wp-json\/wp\/v2\/media\/?parent=603"}],"curies":[{"name":"wp","href":"https:\/\/api.w.org\/{rel}","templated":true}]}}